{"id":125,"date":"2019-01-25T15:10:26","date_gmt":"2019-01-25T14:10:26","guid":{"rendered":"http:\/\/bbr.elite2com.com\/?page_id=125"},"modified":"2019-03-12T14:26:02","modified_gmt":"2019-03-12T13:26:02","slug":"philosophie-bbr","status":"publish","type":"page","link":"http:\/\/www.bbrcosmetics.com\/en\/philosophie-bbr\/","title":{"rendered":"La Philosophie BBR"},"content":{"rendered":"<p>[vc_row full_width=\u00a0\u00bbstretch_row_content_no_spaces\u00a0\u00bb][vc_column][vc_single_image image=\u00a0\u00bb292&Prime; img_size=\u00a0\u00bbfull\u00a0\u00bb][\/vc_column][\/vc_row][vc_row][vc_column][vc_column_text]<\/p>\n<h2 style=\"font-size: 24px; color: #517630;\"><strong>Nos produits c\u2019est notre nature<\/strong><\/h2>\n<p class=\"MsoNormal\" style=\"text-align: justify;\"><span style=\"font-size: 12.0pt; line-height: 107%;\">La nature offre les meilleurs produits depuis la cr\u00e9ation de l\u2019univers\u00a0; une richesse importante que l\u2019humanit\u00e9 a toujours su profiter de ses bienfaits.<\/span><\/p>\n<p class=\"MsoNormal\" style=\"text-align: justify;\"><span style=\"font-size: 12.0pt; line-height: 107%;\">C\u2019est dans cette logique que <b>nous \u0153uvrons pour apporter le meilleur de la nature sans la d\u00e9naturer.<\/b><\/span><\/p>\n<p>[\/vc_column_text][\/vc_column][\/vc_row][vc_row][vc_column][vc_column_text]<\/p>\n<h2 style=\"font-size: 24px; color: #517630;\"><strong>Agir pour le bien-\u00eatre de chacun sans nuire ni \u00e0 l\u2019homme ni \u00e0 l\u2019environnement.<br \/>\nC\u2019est l\u2019objectif de BBR.<\/strong><\/h2>\n<p style=\"text-align: justify;\">Gr\u00e2ce aux nombreuses recherches qui ont \u00e9t\u00e9 \u00e9labor\u00e9 depuis l\u2019antiquit\u00e9 que ce sont appuy\u00e9es nos recherches\u00a0; Nos <strong>experts de la sant\u00e9<\/strong>, nos <strong>pharmacologues<\/strong> et nos <strong>chimistes<\/strong> ont tous contribu\u00e9s \u00e0 trouver des solutions et des formules bas\u00e9es sur des produits naturels et qui sont abondants dans la nature.<\/p>\n<p style=\"text-align: justify;\">L\u2019id\u00e9e principale est de travailler sur les principes actifs de ces v\u00e9g\u00e9taux tels que les propri\u00e9t\u00e9s des Algues marines \u00e0 savoir\u00a0: les <strong>oligo-\u00e9l\u00e9ments<\/strong>, les <strong>vitamines <\/strong>et les <strong>sels min\u00e9raux<\/strong>. 3 \u00e9l\u00e9ments pr\u00e9sents et qui sont essentiels \u00e0 notre peau mais avec l\u2019\u00e2ge et la pollution diminuent naturellement et la peau vieilli rapidement.<\/p>\n<p>[\/vc_column_text][\/vc_column][\/vc_row][vc_row][vc_column][vc_column_text]<\/p>\n<h2 style=\"font-size: 24px; color: #517630;\"><strong>Le pouvoir du v\u00e9g\u00e9tal est immense<\/strong><\/h2>\n<p>[\/vc_column_text][vc_row_inner][vc_column_inner width=\u00a0\u00bb1\/2&Prime;][vc_column_text]Notre savoir nous permet d\u2019accueillir le meilleur de chaque plante. Nous consid\u00e9rons la diversit\u00e9 v\u00e9g\u00e9tale un atout que nos <strong>experts BBR<\/strong> ma\u00eetrisent les secrets afin de d\u00e9couvrir de nouveaux principaux actifs, les d\u00e9velopper et les harmoniser entre eux pour un meilleur r\u00e9sultat.<\/p>\n<p>Utiliser notre savoir-faire pour \u00e9laborer des produits avec une <strong>texture agr\u00e9able<\/strong>, <strong>parfum\u00e9e<\/strong> et avec une <strong>absorption rapide<\/strong> pour un usage quotidien et avec un <strong>effet imm\u00e9diat<\/strong>.<\/p>\n<p>Notre recherche \u00e9tant continue nous assure une perp\u00e9tuelle <strong>innovation<\/strong> et un <strong>perfectionnement<\/strong> sans limite de nos produits.[\/vc_column_text][\/vc_column_inner][vc_column_inner width=\u00a0\u00bb1\/2&Prime;][\/vc_column_inner][\/vc_row_inner][\/vc_column][\/vc_row][vc_row][vc_column][vc_column_text]<\/p>\n<h2 style=\"font-size: 24px; color: #517630;\"><strong>Parce que : Notre peau est notre costume pour la vie<\/strong><\/h2>\n<p>Nous proposons des produits qui aident \u00e0 la peau de <strong>bien vieillir<\/strong>, <strong>retarder les signes de l\u2019\u00e2ge<\/strong> et d\u2019avoir une peau en <strong>bonne sant\u00e9<\/strong>.[\/vc_column_text][\/vc_column][\/vc_row][vc_row][vc_column][vc_column_text]<\/p>\n<h2 style=\"font-size: 24px; color: #517630;\"><strong>BBR votre associ\u00e9 bien-\u00eatre<\/strong><\/h2>\n<p>Pour profiter des bienfaits de nos produits nous avons \u00e9labor\u00e9s des formules <strong>adapt\u00e9s au rythme de la vie moderne<\/strong> pour poursuivre et maintenir les bienfaits de vos soins m\u00eame chez-vous.[\/vc_column_text][\/vc_column][\/vc_row][vc_row][vc_column][vc_column_text]<\/p>\n<h2 style=\"font-size: 24px; color: #517630;\"><strong>Une exp\u00e9rience sensorielle unique<\/strong><br \/>\n<\/h2>\n<p>Le monde de la cosm\u00e9tique n\u2019a jamais \u00e9t\u00e9 aussi respectueux de votre corps. Vous n\u2019allez pas r\u00e9sister \u00e0 la sensation que vous allez d\u00e9couvrir apr\u00e8s l\u2019application de nos produits BBR\u00a0: une <strong>douceur au touch\u00e9<\/strong>, une <strong>souplesse ressenti<\/strong> et une <strong>r\u00e9hydratation profonde<\/strong>.<\/p>\n<p>Parce que nous croyons dans les <strong>bienfaits de la nature<\/strong> et parce que nous croyons \u00e0 la possibilit\u00e9 d\u2019<strong>agir dans l\u2019int\u00e9r\u00eat de l\u2019\u00eatre humain et la nature <\/strong>que nos recherches continuent pour cr\u00e9er des produits de confort sans r\u00e9percussions n\u00e9fastes\u00a0: C\u2019est la promesse tenue de BBR\u00a0![\/vc_column_text][\/vc_column][\/vc_row]<\/p>\n","protected":false},"excerpt":{"rendered":"<p>[vc_row full_width=\u00a0\u00bbstretch_row_content_no_spaces\u00a0\u00bb][vc_column][vc_single_image image=\u00a0\u00bb292&Prime; img_size=\u00a0\u00bbfull\u00a0\u00bb][\/vc_column][\/vc_row][vc_row][vc_column][vc_column_text] Nos produits c\u2019est notre nature La nature offre les meilleurs produits depuis la cr\u00e9ation de l\u2019univers\u00a0; une richesse importante que l\u2019humanit\u00e9 a toujours su profiter de ses bienfaits. C\u2019est dans cette logique que nous \u0153uvrons pour apporter le meilleur de la nature sans la d\u00e9naturer. [\/vc_column_text][\/vc_column][\/vc_row][vc_row][vc_column][vc_column_text] Agir pour le bien-\u00eatre de [&hellip;]<\/p>\n","protected":false},"author":1,"featured_media":0,"parent":0,"menu_order":0,"comment_status":"closed","ping_status":"closed","template":"","meta":[],"_links":{"self":[{"href":"http:\/\/www.bbrcosmetics.com\/en\/wp-json\/wp\/v2\/pages\/125"}],"collection":[{"href":"http:\/\/www.bbrcosmetics.com\/en\/wp-json\/wp\/v2\/pages"}],"about":[{"href":"http:\/\/www.bbrcosmetics.com\/en\/wp-json\/wp\/v2\/types\/page"}],"author":[{"embeddable":true,"href":"http:\/\/www.bbrcosmetics.com\/en\/wp-json\/wp\/v2\/users\/1"}],"replies":[{"embeddable":true,"href":"http:\/\/www.bbrcosmetics.com\/en\/wp-json\/wp\/v2\/comments?post=125"}],"version-history":[{"count":13,"href":"http:\/\/www.bbrcosmetics.com\/en\/wp-json\/wp\/v2\/pages\/125\/revisions"}],"predecessor-version":[{"id":899,"href":"http:\/\/www.bbrcosmetics.com\/en\/wp-json\/wp\/v2\/pages\/125\/revisions\/899"}],"wp:attachment":[{"href":"http:\/\/www.bbrcosmetics.com\/en\/wp-json\/wp\/v2\/media?parent=125"}],"curies":[{"name":"wp","href":"https:\/\/api.w.org\/{rel}","templated":true}]}}