{"id":221,"date":"2019-01-28T16:00:00","date_gmt":"2019-01-28T15:00:00","guid":{"rendered":"http:\/\/www.bbrcosmetics.com\/?page_id=221"},"modified":"2019-02-02T10:44:10","modified_gmt":"2019-02-02T09:44:10","slug":"single-produit","status":"publish","type":"page","link":"http:\/\/www.bbrcosmetics.com\/en\/single-produit\/","title":{"rendered":"S\u00e9rum  BBR &#8211; S\u00e9rum N\u00b0 1 &#8211; Hydratation Intense &#8211; Hydratant et Nourrissant"},"content":{"rendered":"<p>[vc_row][vc_column][vc_custom_heading text=\u00a0\u00bbS\u00e9rum BBR &#8211; S\u00e9rum N\u00b0 1 &#8211; Hydratation Intense &#8211; Hydratant et Nourrissant\u00a0\u00bb font_container=\u00a0\u00bbtag:h1|font_size:30|text_align:left\u00a0\u00bb google_fonts=\u00a0\u00bbfont_family:Abel%3Aregular|font_style:400%20regular%3A400%3Anormal\u00a0\u00bb][vc_text_separator title=\u00a0\u00bbBBR\u00a0\u00bb color=\u00a0\u00bbblack\u00a0\u00bb][\/vc_column][\/vc_row][vc_row][vc_column width=\u00a0\u00bb1\/2&Prime;][vc_single_image image=\u00a0\u00bb315&Prime; img_size=\u00a0\u00bbfull\u00a0\u00bb alignment=\u00a0\u00bbcenter\u00a0\u00bb style=\u00a0\u00bbvc_box_shadow\u00a0\u00bb][\/vc_column][vc_column width=\u00a0\u00bb1\/2&Prime;]<div class='dt-sc-toggle-frame-set'><h5 class='dt-sc-toggle-accordion'><a href='#'>\u00bbGel\u00e9e<\/a><\/h5><div class=\"dt-sc-toggle-content\" style=\"display: none;\"><div class=\"block\">[vc_column_text]Cette gel\u00e9e fra\u00eecheur infuse la peau d\u2019agents hydratants du matin jusqu\u2019au soir avec une formule cosm\u00e9tique \u00ab anti-soif \u00bb, v\u00e9ritable bain d\u2019hydratation pour la peau. Ultra-pratique, Flash Hydratant 12H s\u2019adapte \u00e0 toutes les situations et offre une multitude d\u2019utilisations :<\/p>\n<ul>\n<li>Seul, pour les plus press\u00e9es<\/li>\n<li>Appliqu\u00e9 sous sa cr\u00e8me, pour les puristes du soin<\/li>\n<li>M\u00e9lang\u00e9 \u00e0 sa cr\u00e8me, pour les adeptes de la customisation<\/li>\n<li>M\u00e9lang\u00e9 \u00e0 son fond de teint, pour les retouches maquillage<\/li>\n<\/ul>\n<p>Ultra-douce, sa texture gel convient \u00e0 tous les types de peau.[\/vc_column_text]<\/div><\/div><h5 class='dt-sc-toggle-accordion'><a href='#'>\u00bbUtilisation<\/a><\/h5><div class=\"dt-sc-toggle-content\" style=\"display: none;\"><div class=\"block\">[vc_column_text]Apr\u00e8s le nettoyage de la peau, appliquer la moiti\u00e9 de l\u2019ampoule matin et soir sur le visage et le cou, tapoter l\u00e9g\u00e8rement la peau pour le faire p\u00e9n\u00e9trer, et poursuivre avec le rituel habituel s\u00e9rum(s) + cr\u00e8me.\nFr\u00e9quence : une cure de 7 ampoules, aussi souvent que n\u00e9cessaire.[\/vc_column_text]<\/div><\/div><h5 class='dt-sc-toggle-accordion'><a href='#'>\u00bbR\u00e9sultat<\/a><\/h5><div class=\"dt-sc-toggle-content\" style=\"display: none;\"><div class=\"block\">[vc_column_text]FLASH D&rsquo;HYDRATATION IMM\u00c9DIATE ET DURABLE<\/p>\n<p>D\u00e8s 15 min :\u00a0<strong>+ 105 %*<\/strong>\u00a0d\u2019hydratation\nApr\u00e8s 12 h :\u00a0<strong>+ 43 %*<\/strong>\u00a0d\u2019hydratation<\/p>\n<p>\u00c0 L\u2019EFFICACIT\u00c9 VISIBLE SUR LA PEAU APR\u00c8S 12H<\/p>\n<p>Pour\u00a0<strong>plus de 9 femmes sur 10**<\/strong>\u00a0: La peau est rest\u00e9e douce toute la journ\u00e9e\nPour\u00a0<strong>plus de 8 femmes sur 10**<\/strong>\u00a0: Le teint est toujours aussi frais en fin de journ\u00e9e<\/p>\n<p>*Mesure du taux d\u2019hydratation par corn\u00e9om\u00e9trie\u00ae sur 10 volontaires, apr\u00e8s une application unique.\n**Test de satisfaction r\u00e9alis\u00e9 sur 23 femmes, apr\u00e8s 7 jours d\u2019utilisation bi-quotidienne, r\u00e9sultat le soir, 12 heures apr\u00e8s l\u2019application.[\/vc_column_text]<\/div><\/div><h5 class='dt-sc-toggle-accordion'><a href='#'>\u00bbPrincipes<\/a><\/h5><div class=\"dt-sc-toggle-content\" style=\"display: none;\"><div class=\"block\">[vc_column_text]<strong>Algue Tisseuse\u00a0<\/strong><strong>:\u00a0<\/strong>restructure le r\u00e9servoir en eau de la peau pour permettre sa diffusion optimale dans l\u2019\u00e9piderme et pr\u00e9venir la d\u00e9shydratation.\n<strong>Complexe Hydra-8<\/strong>\u00a0: con\u00e7u pour former un film protecteur \u00e0 la surface de la peau et renforcer la capacit\u00e9 de l\u2019\u00e9piderme \u00e0 capter et retenir l\u2019eau.<\/p>\n<p><em>\u00a0<\/em>[\/vc_column_text]<\/div><\/div><h5 class='dt-sc-toggle-accordion'><a href='#'>\u00bbListe<\/a><\/h5><div class=\"dt-sc-toggle-content\" style=\"display: none;\"><div class=\"block\">[vc_column_text]La liste des ingr\u00e9dients peut \u00eatre soumise \u00e0 des variations. Nous vous conseillons de toujours v\u00e9rifier la liste des ingr\u00e9dients figurant sur l\u2019emballage du produit achet\u00e9 afin de v\u00e9rifier que les ingr\u00e9dients conviennent \u00e0 votre utilisation personnelle.<\/p>\n<p style=\"text-align: left; font-size: 10px;\">AQUA (WATER) \/ EAU, GLYCERIN, PROPANEDIOL, BETAINE, GLYCERETH-26, PEG-150, PHENOXYETHANOL, PPG-5-CETETH-20, SODIUM POLYACRYLATE, HYDROXYETHYL UREA, CHLORPHENESIN, CARBOMER, PARFUM (FRAGRANCE), BIOSACCHARIDE GUM-1, DISODIUM EDTA, SODIUM HYDROXIDE, BUTYL METHOXYDIBENZOYLMETHANE, ETHYLHEXYL METHOXYCINNAMATE, HYDROLYZED ALGIN, PPG-26-BUTETH-26, GLYCERYL ACRYLATE \/ ACRYLIC ACID COPOLYMER, ETHYLHEXYL SALICYLATE, PEG-40 HYDROGENATED CASTOR OIL, UNDARIA PINNATIFIDA EXTRACT, AMMONIUM LACTATE, MARIS AQUA (SEA WATER) \/ EAU DE MER, CHLORELLA VULGARIS EXTRACT, CI 42090 (BLUE 1)<\/p>\n<p>[\/vc_column_text]<\/div><\/div><\/div>[\/vc_column][\/vc_row][vc_row][vc_column][vc_column_text]<em><strong>Note : <\/strong><\/em><\/p>\n<p>M\u00eame les produits naturels peuvent \u00eatre allergisants. V\u00e9rifiez que vous n\u2019\u00eates pas allergique \u00e0 l\u2019un des composants de ce produit, en effectuant un test de tol\u00e9rance cutan\u00e9e pendant 48 heures avant utilisation.[\/vc_column_text][\/vc_column][\/vc_row][vc_row][vc_column][vc_icon icon_fontawesome=\u00a0\u00bbfa fa-sun-o\u00a0\u00bb color=\u00a0\u00bbblack\u00a0\u00bb el_class=\u00a0\u00bb.vc_col-sm-6&Prime;][vc_icon icon_fontawesome=\u00a0\u00bbfa fa-moon-o\u00a0\u00bb color=\u00a0\u00bbblack\u00a0\u00bb][\/vc_column][\/vc_row][vc_row][vc_column]<div class=\"woocommerce columns-4\"><\/div>[\/vc_column][\/vc_row][vc_row][vc_column]<div class=\"dt-sc-hotspot dt_sc_hp_item_944\"><div id=\"hotspot-image\" style=\"background-image:url(http:\/\/www.bbrcosmetics.com\/wp-content\/uploads\/2019\/01\/Serum-Hydratant-Intense-bbr-naturel-bio-cosmetic.png); width: 800px; height: 800px;\"> <\/div><\/div>[\/vc_column][\/vc_row]<\/p>\n","protected":false},"excerpt":{"rendered":"<p>[vc_row][vc_column][vc_custom_heading text=\u00a0\u00bbS\u00e9rum BBR &#8211; S\u00e9rum N\u00b0 1 &#8211; Hydratation Intense &#8211; Hydratant et Nourrissant\u00a0\u00bb font_container=\u00a0\u00bbtag:h1|font_size:30|text_align:left\u00a0\u00bb google_fonts=\u00a0\u00bbfont_family:Abel%3Aregular|font_style:400%20regular%3A400%3Anormal\u00a0\u00bb][vc_text_separator title=\u00a0\u00bbBBR\u00a0\u00bb color=\u00a0\u00bbblack\u00a0\u00bb][\/vc_column][\/vc_row][vc_row][vc_column width=\u00a0\u00bb1\/2&Prime;][vc_single_image image=\u00a0\u00bb315&Prime; img_size=\u00a0\u00bbfull\u00a0\u00bb alignment=\u00a0\u00bbcenter\u00a0\u00bb style=\u00a0\u00bbvc_box_shadow\u00a0\u00bb][\/vc_column][vc_column width=\u00a0\u00bb1\/2&Prime;][\/vc_column][\/vc_row][vc_row][vc_column][vc_column_text]Note : M\u00eame les produits naturels peuvent \u00eatre allergisants. V\u00e9rifiez que vous n\u2019\u00eates pas allergique \u00e0 l\u2019un des composants de ce produit, en effectuant un test de tol\u00e9rance cutan\u00e9e pendant 48 heures [&hellip;]<\/p>\n","protected":false},"author":1,"featured_media":0,"parent":0,"menu_order":0,"comment_status":"closed","ping_status":"closed","template":"","meta":[],"_links":{"self":[{"href":"http:\/\/www.bbrcosmetics.com\/en\/wp-json\/wp\/v2\/pages\/221"}],"collection":[{"href":"http:\/\/www.bbrcosmetics.com\/en\/wp-json\/wp\/v2\/pages"}],"about":[{"href":"http:\/\/www.bbrcosmetics.com\/en\/wp-json\/wp\/v2\/types\/page"}],"author":[{"embeddable":true,"href":"http:\/\/www.bbrcosmetics.com\/en\/wp-json\/wp\/v2\/users\/1"}],"replies":[{"embeddable":true,"href":"http:\/\/www.bbrcosmetics.com\/en\/wp-json\/wp\/v2\/comments?post=221"}],"version-history":[{"count":11,"href":"http:\/\/www.bbrcosmetics.com\/en\/wp-json\/wp\/v2\/pages\/221\/revisions"}],"predecessor-version":[{"id":223,"href":"http:\/\/www.bbrcosmetics.com\/en\/wp-json\/wp\/v2\/pages\/221\/revisions\/223"}],"wp:attachment":[{"href":"http:\/\/www.bbrcosmetics.com\/en\/wp-json\/wp\/v2\/media?parent=221"}],"curies":[{"name":"wp","href":"https:\/\/api.w.org\/{rel}","templated":true}]}}